{"id":26,"date":"2026-02-23T10:26:11","date_gmt":"2026-02-23T10:26:11","guid":{"rendered":"https:\/\/sorkanpippuri.fi\/?page_id=26"},"modified":"2026-04-01T05:12:54","modified_gmt":"2026-04-01T05:12:54","slug":"etusivu-2","status":"publish","type":"page","link":"https:\/\/sorkanpippuri.fi\/","title":{"rendered":"Etusivu"},"content":{"rendered":"\n<div class=\"wp-block-cover alignfull\" style=\"border-style:none;border-width:0px;margin-top:0;margin-bottom:0;padding-top:0;padding-right:0;padding-bottom:0;padding-left:0;min-height:655px;aspect-ratio:unset;\"><img loading=\"lazy\" decoding=\"async\" width=\"1024\" height=\"576\" class=\"wp-block-cover__image-background wp-image-34 size-large\" alt=\"\" src=\"https:\/\/sorkanpippuri.fi\/wp-content\/uploads\/2026\/02\/7-1024x576.png\" data-object-fit=\"cover\" srcset=\"https:\/\/sorkanpippuri.fi\/wp-content\/uploads\/2026\/02\/7-1024x576.png 1024w, https:\/\/sorkanpippuri.fi\/wp-content\/uploads\/2026\/02\/7-300x169.png 300w, https:\/\/sorkanpippuri.fi\/wp-content\/uploads\/2026\/02\/7-768x432.png 768w, https:\/\/sorkanpippuri.fi\/wp-content\/uploads\/2026\/02\/7-1536x864.png 1536w, https:\/\/sorkanpippuri.fi\/wp-content\/uploads\/2026\/02\/7-2048x1151.png 2048w\" sizes=\"auto, (max-width: 1024px) 100vw, 1024px\" \/><span aria-hidden=\"true\" class=\"wp-block-cover__background has-black-background-color has-background-dim-60 has-background-dim\"><\/span><div class=\"wp-block-cover__inner-container is-layout-constrained wp-container-core-cover-is-layout-f1253992 wp-block-cover-is-layout-constrained\">\n<h1 class=\"wp-block-heading has-text-align-center has-theme-palette-9-color has-text-color has-link-color wp-elements-39b54adbfc01d10ac04637f4b7c1f155\">S\u00f6rk\u00e4n Pippuri \u2013 <br>pizzaa ja kebabia my\u00f6h\u00e4\u00e4n y\u00f6h\u00f6n<\/h1>\n\n\n\n<p class=\"has-text-align-center has-theme-palette-9-color has-text-color has-link-color wp-elements-1d3e66ce4ce871ff6d55896659974a05\">Tilaa helposti verkosta tai <br>soita <a href=\"tel:+358405486369\">040 548 6369<\/a><\/p>\n\n\n\n<div style=\"text-align:center; margin: 20px 0;\">\n  <span class=\"glf-button\"\n    data-glf-cuid=\"94e5d945-cecb-4f41-ac38-da2048b44f0e\"\n    data-glf-ruid=\"11dbb798-84fa-4ed5-94c9-f7b634ba23d9\">\n    Tilaa nyt\n  <\/span>\n<\/div>\n\n<script src=\"https:\/\/www.fbgcdn.com\/embedder\/js\/ewm2.js\" defer async><\/script>\n\n\n\n<p class=\"has-text-align-center\">Olemme avoinna joka p\u00e4iv\u00e4 <br>klo 10:00 \u2013 05:00<\/p>\n<\/div><\/div>\n\n\n\n<hr class=\"wp-block-separator has-text-color has-theme-palette-14-color has-alpha-channel-opacity has-theme-palette-14-background-color has-background is-style-default\" style=\"margin-top:var(--wp--preset--spacing--70);margin-bottom:var(--wp--preset--spacing--70)\"\/>\n\n\n\n<div class=\"wp-block-group is-vertical is-layout-flex wp-container-core-group-is-layout-d1ab412d wp-block-group-is-layout-flex\" style=\"padding-top:0;padding-bottom:0\">\n<div class=\"wp-block-columns is-layout-flex wp-container-core-columns-is-layout-9d6595d7 wp-block-columns-is-layout-flex\">\n<div class=\"wp-block-column is-layout-flow wp-block-column-is-layout-flow\" style=\"flex-basis:25%\">\n<div class=\"wp-block-cover\"><img loading=\"lazy\" decoding=\"async\" width=\"1024\" height=\"683\" class=\"wp-block-cover__image-background wp-image-37\" alt=\"\" src=\"https:\/\/sorkanpippuri.fi\/wp-content\/uploads\/2026\/02\/ivan-torres-MQUqbmszGGM-unsplash-1024x683.jpg\" data-object-fit=\"cover\" srcset=\"https:\/\/sorkanpippuri.fi\/wp-content\/uploads\/2026\/02\/ivan-torres-MQUqbmszGGM-unsplash-1024x683.jpg 1024w, https:\/\/sorkanpippuri.fi\/wp-content\/uploads\/2026\/02\/ivan-torres-MQUqbmszGGM-unsplash-300x200.jpg 300w, https:\/\/sorkanpippuri.fi\/wp-content\/uploads\/2026\/02\/ivan-torres-MQUqbmszGGM-unsplash-768x512.jpg 768w, https:\/\/sorkanpippuri.fi\/wp-content\/uploads\/2026\/02\/ivan-torres-MQUqbmszGGM-unsplash-1536x1024.jpg 1536w, https:\/\/sorkanpippuri.fi\/wp-content\/uploads\/2026\/02\/ivan-torres-MQUqbmszGGM-unsplash-2048x1365.jpg 2048w\" sizes=\"auto, (max-width: 1024px) 100vw, 1024px\" \/><span aria-hidden=\"true\" class=\"wp-block-cover__background has-background-dim\"><\/span><div class=\"wp-block-cover__inner-container is-layout-flow wp-block-cover-is-layout-flow\">\n<p class=\"has-text-align-center has-large-font-size\">Pizzat<\/p>\n\n\n\n<p class=\"has-text-align-center\">Reilusti t\u00e4ytett\u00e4 ja kuuma uuni<\/p>\n<\/div><\/div>\n\n\n\n<div class=\"wp-block-group is-layout-grid wp-container-core-group-is-layout-4d858cb8 wp-block-group-is-layout-grid\"><\/div>\n<\/div>\n\n\n\n<div class=\"wp-block-column is-layout-flow wp-block-column-is-layout-flow\" style=\"flex-basis:25%\">\n<div class=\"wp-block-cover\"><img loading=\"lazy\" decoding=\"async\" width=\"1024\" height=\"684\" class=\"wp-block-cover__image-background wp-image-38\" alt=\"\" src=\"https:\/\/sorkanpippuri.fi\/wp-content\/uploads\/2026\/02\/sk-uVPV_nV17Tw-unsplash-1024x684.jpg\" data-object-fit=\"cover\" srcset=\"https:\/\/sorkanpippuri.fi\/wp-content\/uploads\/2026\/02\/sk-uVPV_nV17Tw-unsplash-1024x684.jpg 1024w, https:\/\/sorkanpippuri.fi\/wp-content\/uploads\/2026\/02\/sk-uVPV_nV17Tw-unsplash-300x200.jpg 300w, https:\/\/sorkanpippuri.fi\/wp-content\/uploads\/2026\/02\/sk-uVPV_nV17Tw-unsplash-768x513.jpg 768w, https:\/\/sorkanpippuri.fi\/wp-content\/uploads\/2026\/02\/sk-uVPV_nV17Tw-unsplash-1536x1025.jpg 1536w, https:\/\/sorkanpippuri.fi\/wp-content\/uploads\/2026\/02\/sk-uVPV_nV17Tw-unsplash-2048x1367.jpg 2048w\" sizes=\"auto, (max-width: 1024px) 100vw, 1024px\" \/><span aria-hidden=\"true\" class=\"wp-block-cover__background has-background-dim\"><\/span><div class=\"wp-block-cover__inner-container is-layout-flow wp-block-cover-is-layout-flow\">\n<p class=\"has-text-align-center has-large-font-size\">Burgerit<\/p>\n\n\n\n<p class=\"has-text-align-center\">Mehev\u00e4t burgerit ja rapeat tilaukset<\/p>\n<\/div><\/div>\n<\/div>\n\n\n\n<div class=\"wp-block-column is-layout-flow wp-block-column-is-layout-flow\" style=\"flex-basis:25%\">\n<div class=\"wp-block-cover\"><img loading=\"lazy\" decoding=\"async\" width=\"1024\" height=\"576\" class=\"wp-block-cover__image-background wp-image-41\" alt=\"\" src=\"https:\/\/sorkanpippuri.fi\/wp-content\/uploads\/2026\/02\/12-1024x576.png\" data-object-fit=\"cover\" srcset=\"https:\/\/sorkanpippuri.fi\/wp-content\/uploads\/2026\/02\/12-1024x576.png 1024w, https:\/\/sorkanpippuri.fi\/wp-content\/uploads\/2026\/02\/12-300x169.png 300w, https:\/\/sorkanpippuri.fi\/wp-content\/uploads\/2026\/02\/12-768x432.png 768w, https:\/\/sorkanpippuri.fi\/wp-content\/uploads\/2026\/02\/12-1536x864.png 1536w, https:\/\/sorkanpippuri.fi\/wp-content\/uploads\/2026\/02\/12-2048x1151.png 2048w\" sizes=\"auto, (max-width: 1024px) 100vw, 1024px\" \/><span aria-hidden=\"true\" class=\"wp-block-cover__background has-background-dim\"><\/span><div class=\"wp-block-cover__inner-container is-layout-flow wp-block-cover-is-layout-flow\">\n<p class=\"has-text-align-center has-large-font-size\">Kebab<\/p>\n\n\n\n<p class=\"has-text-align-center\">Isot annokset ja tuore kebab<\/p>\n<\/div><\/div>\n<\/div>\n\n\n\n<div class=\"wp-block-column is-layout-flow wp-block-column-is-layout-flow\" style=\"flex-basis:25%\">\n<div class=\"wp-block-cover\"><img loading=\"lazy\" decoding=\"async\" width=\"819\" height=\"1024\" class=\"wp-block-cover__image-background wp-image-40\" alt=\"\" src=\"https:\/\/sorkanpippuri.fi\/wp-content\/uploads\/2026\/02\/sonny-mauricio-yhc4pSbl01A-unsplash-819x1024.jpg\" data-object-fit=\"cover\" srcset=\"https:\/\/sorkanpippuri.fi\/wp-content\/uploads\/2026\/02\/sonny-mauricio-yhc4pSbl01A-unsplash-819x1024.jpg 819w, https:\/\/sorkanpippuri.fi\/wp-content\/uploads\/2026\/02\/sonny-mauricio-yhc4pSbl01A-unsplash-240x300.jpg 240w, https:\/\/sorkanpippuri.fi\/wp-content\/uploads\/2026\/02\/sonny-mauricio-yhc4pSbl01A-unsplash-768x960.jpg 768w, https:\/\/sorkanpippuri.fi\/wp-content\/uploads\/2026\/02\/sonny-mauricio-yhc4pSbl01A-unsplash-1229x1536.jpg 1229w, https:\/\/sorkanpippuri.fi\/wp-content\/uploads\/2026\/02\/sonny-mauricio-yhc4pSbl01A-unsplash-1638x2048.jpg 1638w, https:\/\/sorkanpippuri.fi\/wp-content\/uploads\/2026\/02\/sonny-mauricio-yhc4pSbl01A-unsplash-scaled.jpg 2048w\" sizes=\"auto, (max-width: 819px) 100vw, 819px\" \/><span aria-hidden=\"true\" class=\"wp-block-cover__background has-background-dim\"><\/span><div class=\"wp-block-cover__inner-container is-layout-flow wp-block-cover-is-layout-flow\">\n<p class=\"has-text-align-center has-large-font-size\">Vegan<\/p>\n\n\n\n<p class=\"has-text-align-center\">Kasvisvaihtoehtoja ilman kompromisseja<\/p>\n<\/div><\/div>\n<\/div>\n<\/div>\n<\/div>\n\n\n\n<div class=\"wp-block-group\" style=\"padding-top:70px;padding-bottom:70px\"><div class=\"wp-block-group__inner-container is-layout-constrained wp-block-group-is-layout-constrained\">\n<h2 class=\"wp-block-heading alignfull has-text-align-center has-theme-palette-9-color has-text-color has-link-color wp-elements-136e775d82bb79922608d6e08ca9021d\">N\u00e4lk\u00e4 yll\u00e4tti?<\/h2>\n\n\n\n<p class=\"has-text-align-center has-theme-palette-9-color has-text-color has-link-color wp-elements-d69b8624cda23b0aa751d603bfc3c88e\">Tilaa helposti verkossa \u2013 <br>tai soita meille<br><a href=\"tel:+358405486369\">040 548 6369<\/a><\/p>\n\n\n\n<div style=\"text-align:center; margin: 20px 0;\">\n  <span class=\"glf-button\"\n    data-glf-cuid=\"94e5d945-cecb-4f41-ac38-da2048b44f0e\"\n    data-glf-ruid=\"11dbb798-84fa-4ed5-94c9-f7b634ba23d9\">\n    Tilaa nyt\n  <\/span>\n<\/div>\n\n<script src=\"https:\/\/www.fbgcdn.com\/embedder\/js\/ewm2.js\" defer async><\/script>\n<\/div><\/div>\n\n\n\n<div class=\"wp-block-group alignfull\" style=\"padding-top:0;padding-bottom:0\"><div class=\"wp-block-group__inner-container is-layout-constrained wp-block-group-is-layout-constrained\">\n<div class=\"wp-block-group alignfull has-background\" style=\"background-color:#0e0e0e;padding-top:60px;padding-bottom:60px\"><div class=\"wp-block-group__inner-container is-layout-constrained wp-block-group-is-layout-constrained\">\n<div class=\"wp-block-columns is-layout-flex wp-container-core-columns-is-layout-9d6595d7 wp-block-columns-is-layout-flex\">\n<div class=\"wp-block-column is-layout-flow wp-block-column-is-layout-flow\">\n<h2 class=\"wp-block-heading\">L\u00f6yd\u00e4t meid\u00e4t Vallilasta<\/h2>\n\n\n\n<p>S\u00f6rk\u00e4n Pippuri<br>H\u00e4meentie 81-83<br>00550 Helsinki<br><br>Olemme avoinna joka p\u00e4iv\u00e4<br>klo 10:00 \u2013 05:00<br><br>Puh. <a href=\"tel:+358405486369\">040 548 6369<\/a><\/p>\n\n\n\n<figure class=\"wp-block-image size-large is-resized\"><img loading=\"lazy\" decoding=\"async\" width=\"1024\" height=\"813\" src=\"https:\/\/sorkanpippuri.fi\/wp-content\/uploads\/2026\/02\/cropped-sorkanpippuri-1024x813.png\" alt=\"\" class=\"wp-image-18\" style=\"aspect-ratio:1.2595570499232511;width:114px;height:auto\" srcset=\"https:\/\/sorkanpippuri.fi\/wp-content\/uploads\/2026\/02\/cropped-sorkanpippuri-1024x813.png 1024w, https:\/\/sorkanpippuri.fi\/wp-content\/uploads\/2026\/02\/cropped-sorkanpippuri-300x238.png 300w, https:\/\/sorkanpippuri.fi\/wp-content\/uploads\/2026\/02\/cropped-sorkanpippuri-768x610.png 768w, https:\/\/sorkanpippuri.fi\/wp-content\/uploads\/2026\/02\/cropped-sorkanpippuri.png 1033w\" sizes=\"auto, (max-width: 1024px) 100vw, 1024px\" \/><\/figure>\n<\/div>\n\n\n\n<div class=\"wp-block-column is-layout-flow wp-block-column-is-layout-flow\">\n<iframe src=\"https:\/\/www.google.com\/maps\/embed?pb=!1m18!1m12!1m3!1d1879.8008815516018!2d24.960717512610618!3d60.19584897494145!2m3!1f0!2f0!3f0!3m2!1i1024!2i768!4f13.1!3m3!1m2!1s0x46920977de2d88ab%3A0x551a1102d8fca45d!2sH%C3%A4meentie%2081%2C%2000550%20Helsinki!5e1!3m2!1sen!2sfi!4v1769760961081!5m2!1sen!2sfi\" width=\"600\" height=\"450\" style=\"border:0;\" allowfullscreen=\"\" loading=\"lazy\" referrerpolicy=\"no-referrer-when-downgrade\"><\/iframe>\n<\/div>\n<\/div>\n<\/div><\/div>\n<\/div><\/div>\n","protected":false},"excerpt":{"rendered":"<p>N\u00e4lk\u00e4 yll\u00e4tti? Tilaa helposti verkossa \u2013 tai soita meille040 548 6369 Tilaa nyt L\u00f6yd\u00e4t meid\u00e4t Vallilasta S\u00f6rk\u00e4n PippuriH\u00e4meentie 81-8300550 Helsinki Olemme avoinna joka p\u00e4iv\u00e4klo 10:00 \u2013 05:00 Puh. 040 548 6369<\/p>\n","protected":false},"author":2,"featured_media":0,"parent":0,"menu_order":0,"comment_status":"closed","ping_status":"closed","template":"","meta":{"_kad_post_transparent":"","_kad_post_title":"hide","_kad_post_layout":"default","_kad_post_sidebar_id":"","_kad_post_content_style":"unboxed","_kad_post_vertical_padding":"hide","_kad_post_feature":"default","_kad_post_feature_position":"","_kad_post_header":false,"_kad_post_footer":false,"_kad_post_classname":"","footnotes":""},"class_list":["post-26","page","type-page","status-publish","hentry"],"_links":{"self":[{"href":"https:\/\/sorkanpippuri.fi\/index.php\/wp-json\/wp\/v2\/pages\/26","targetHints":{"allow":["GET"]}}],"collection":[{"href":"https:\/\/sorkanpippuri.fi\/index.php\/wp-json\/wp\/v2\/pages"}],"about":[{"href":"https:\/\/sorkanpippuri.fi\/index.php\/wp-json\/wp\/v2\/types\/page"}],"author":[{"embeddable":true,"href":"https:\/\/sorkanpippuri.fi\/index.php\/wp-json\/wp\/v2\/users\/2"}],"replies":[{"embeddable":true,"href":"https:\/\/sorkanpippuri.fi\/index.php\/wp-json\/wp\/v2\/comments?post=26"}],"version-history":[{"count":14,"href":"https:\/\/sorkanpippuri.fi\/index.php\/wp-json\/wp\/v2\/pages\/26\/revisions"}],"predecessor-version":[{"id":73,"href":"https:\/\/sorkanpippuri.fi\/index.php\/wp-json\/wp\/v2\/pages\/26\/revisions\/73"}],"wp:attachment":[{"href":"https:\/\/sorkanpippuri.fi\/index.php\/wp-json\/wp\/v2\/media?parent=26"}],"curies":[{"name":"wp","href":"https:\/\/api.w.org\/{rel}","templated":true}]}}